{"id":24,"date":"2016-02-12T08:13:06","date_gmt":"2016-02-12T08:13:06","guid":{"rendered":"http:\/\/demos.famethemes.com\/onepress\/?page_id=24"},"modified":"2020-10-15T10:31:02","modified_gmt":"2020-10-15T10:31:02","slug":"karbur-kesici-takimlar","status":"publish","type":"page","link":"http:\/\/erceteknik.net\/?page_id=24","title":{"rendered":"Karb\u00fcr Kesici Tak\u0131mlar"},"content":{"rendered":"\t\t<div data-elementor-type=\"wp-page\" data-elementor-id=\"24\" class=\"elementor elementor-24\">\n\t\t\t\t\t\t<section class=\"elementor-section elementor-top-section elementor-element elementor-element-dbcecb1 elementor-section-boxed elementor-section-height-default elementor-section-height-default\" data-id=\"dbcecb1\" data-element_type=\"section\">\n\t\t\t\t\t\t<div class=\"elementor-container elementor-column-gap-default\">\n\t\t\t\t\t<div class=\"elementor-column elementor-col-100 elementor-top-column elementor-element elementor-element-10227d4\" data-id=\"10227d4\" data-element_type=\"column\" data-settings=\"{&quot;background_background&quot;:&quot;classic&quot;}\">\n\t\t\t<div class=\"elementor-widget-wrap elementor-element-populated\">\n\t\t\t\t\t\t<div class=\"elementor-element elementor-element-1d2913a elementor-widget elementor-widget-heading\" data-id=\"1d2913a\" data-element_type=\"widget\" data-widget_type=\"heading.default\">\n\t\t\t\t<div class=\"elementor-widget-container\">\n\t\t\t\t\t<h2 class=\"elementor-heading-title elementor-size-default\">Karb\u00fcr Kesici Tak\u0131mlar<\/h2>\t\t\t\t<\/div>\n\t\t\t\t<\/div>\n\t\t\t\t\t<\/div>\n\t\t<\/div>\n\t\t\t\t\t<\/div>\n\t\t<\/section>\n\t\t\t\t<section class=\"elementor-section elementor-top-section elementor-element elementor-element-12e47a7 elementor-section-boxed elementor-section-height-default elementor-section-height-default\" data-id=\"12e47a7\" data-element_type=\"section\">\n\t\t\t\t\t\t<div class=\"elementor-container elementor-column-gap-default\">\n\t\t\t\t\t<div class=\"elementor-column elementor-col-100 elementor-top-column elementor-element elementor-element-b5cea7b\" data-id=\"b5cea7b\" data-element_type=\"column\">\n\t\t\t<div class=\"elementor-widget-wrap elementor-element-populated\">\n\t\t\t\t\t\t<div class=\"elementor-element elementor-element-b9d462b elementor-widget elementor-widget-spacer\" data-id=\"b9d462b\" data-element_type=\"widget\" data-widget_type=\"spacer.default\">\n\t\t\t\t<div class=\"elementor-widget-container\">\n\t\t\t\t\t\t\t<div class=\"elementor-spacer\">\n\t\t\t<div class=\"elementor-spacer-inner\"><\/div>\n\t\t<\/div>\n\t\t\t\t\t\t<\/div>\n\t\t\t\t<\/div>\n\t\t\t\t\t<\/div>\n\t\t<\/div>\n\t\t\t\t\t<\/div>\n\t\t<\/section>\n\t\t\t\t<section class=\"elementor-section elementor-top-section elementor-element elementor-element-33b3d92 elementor-section-boxed elementor-section-height-default elementor-section-height-default\" data-id=\"33b3d92\" data-element_type=\"section\">\n\t\t\t\t\t\t<div class=\"elementor-container elementor-column-gap-default\">\n\t\t\t\t\t<div class=\"elementor-column elementor-col-50 elementor-top-column elementor-element elementor-element-03486c5\" data-id=\"03486c5\" data-element_type=\"column\">\n\t\t\t<div class=\"elementor-widget-wrap elementor-element-populated\">\n\t\t\t\t\t\t<div class=\"elementor-element elementor-element-c44b8e8 elementor-widget elementor-widget-image\" data-id=\"c44b8e8\" data-element_type=\"widget\" data-widget_type=\"image.default\">\n\t\t\t\t<div class=\"elementor-widget-container\">\n\t\t\t\t\t\t\t\t\t\t\t\t\t\t\t<img fetchpriority=\"high\" decoding=\"async\" width=\"365\" height=\"387\" src=\"http:\/\/erceteknik.net\/wp-content\/uploads\/2020\/10\/Karbur-Takim1-Erce.jpg\" class=\"attachment-large size-large wp-image-2155\" alt=\"\" srcset=\"http:\/\/erceteknik.net\/wp-content\/uploads\/2020\/10\/Karbur-Takim1-Erce.jpg 365w, http:\/\/erceteknik.net\/wp-content\/uploads\/2020\/10\/Karbur-Takim1-Erce-283x300.jpg 283w\" sizes=\"(max-width: 365px) 100vw, 365px\" \/>\t\t\t\t\t\t\t\t\t\t\t\t\t\t\t<\/div>\n\t\t\t\t<\/div>\n\t\t\t\t\t<\/div>\n\t\t<\/div>\n\t\t\t\t<div class=\"elementor-column elementor-col-50 elementor-top-column elementor-element elementor-element-2239f02\" data-id=\"2239f02\" data-element_type=\"column\">\n\t\t\t<div class=\"elementor-widget-wrap elementor-element-populated\">\n\t\t\t\t\t\t<div class=\"elementor-element elementor-element-332159e elementor-widget elementor-widget-text-editor\" data-id=\"332159e\" data-element_type=\"widget\" data-widget_type=\"text-editor.default\">\n\t\t\t\t<div class=\"elementor-widget-container\">\n\t\t\t\t\t\t\t\t\t<p>\u00d6zellikle \u0130nconel, Titanyum, Kal\u0131p \u00e7eli\u011fi vb. gibi zor metalleri i\u015fleyen m\u00fc\u015fterilerimize standart ve \u00f6zel karb\u00fcr tak\u0131m imalat\u0131 yapmaktay\u0131z.&nbsp;<\/p>\n<p>Karb\u00fcr malzeme olmak \u015fart\u0131 ile her t\u00fcrl\u00fc tak\u0131m imalat\u0131m\u0131z m\u00fcmk\u00fcnd\u00fcr.&nbsp;<\/p><p>\u00d6zellikle tak\u0131m kaplamalar\u0131 konusunda sahip oldu\u011fumuz tecr\u00fcbelerden kaynakl\u0131 bileme &#8211; kaplama konusunda iddial\u0131y\u0131z.&nbsp;<\/p><p><br><\/p>\n<p><\/p>\t\t\t\t\t\t\t\t<\/div>\n\t\t\t\t<\/div>\n\t\t\t\t\t<\/div>\n\t\t<\/div>\n\t\t\t\t\t<\/div>\n\t\t<\/section>\n\t\t\t\t<\/div>\n\t\t","protected":false},"excerpt":{"rendered":"<p>&#8230;<\/p>\n","protected":false},"author":1,"featured_media":0,"parent":0,"menu_order":0,"comment_status":"closed","ping_status":"closed","template":"elementor_header_footer","meta":{"footnotes":""},"class_list":["post-24","page","type-page","status-publish","hentry"],"_links":{"self":[{"href":"http:\/\/erceteknik.net\/index.php?rest_route=\/wp\/v2\/pages\/24","targetHints":{"allow":["GET"]}}],"collection":[{"href":"http:\/\/erceteknik.net\/index.php?rest_route=\/wp\/v2\/pages"}],"about":[{"href":"http:\/\/erceteknik.net\/index.php?rest_route=\/wp\/v2\/types\/page"}],"author":[{"embeddable":true,"href":"http:\/\/erceteknik.net\/index.php?rest_route=\/wp\/v2\/users\/1"}],"replies":[{"embeddable":true,"href":"http:\/\/erceteknik.net\/index.php?rest_route=%2Fwp%2Fv2%2Fcomments&post=24"}],"version-history":[{"count":9,"href":"http:\/\/erceteknik.net\/index.php?rest_route=\/wp\/v2\/pages\/24\/revisions"}],"predecessor-version":[{"id":2157,"href":"http:\/\/erceteknik.net\/index.php?rest_route=\/wp\/v2\/pages\/24\/revisions\/2157"}],"wp:attachment":[{"href":"http:\/\/erceteknik.net\/index.php?rest_route=%2Fwp%2Fv2%2Fmedia&parent=24"}],"curies":[{"name":"wp","href":"https:\/\/api.w.org\/{rel}","templated":true}]}}