{"id":1657,"date":"2020-10-07T08:56:33","date_gmt":"2020-10-07T08:56:33","guid":{"rendered":"http:\/\/erceteknik.net\/?page_id=1657"},"modified":"2020-10-12T10:26:01","modified_gmt":"2020-10-12T10:26:01","slug":"alkali-kimyasallar","status":"publish","type":"page","link":"http:\/\/erceteknik.net\/?page_id=1657","title":{"rendered":"Alkali Kimyasallar"},"content":{"rendered":"\t\t<div data-elementor-type=\"wp-page\" data-elementor-id=\"1657\" class=\"elementor elementor-1657\">\n\t\t\t\t\t\t<section class=\"elementor-section elementor-top-section elementor-element elementor-element-b62952f elementor-section-boxed elementor-section-height-default elementor-section-height-default\" data-id=\"b62952f\" data-element_type=\"section\">\n\t\t\t\t\t\t<div class=\"elementor-container elementor-column-gap-default\">\n\t\t\t\t\t<div class=\"elementor-column elementor-col-100 elementor-top-column elementor-element elementor-element-f4f1c63\" data-id=\"f4f1c63\" data-element_type=\"column\">\n\t\t\t<div class=\"elementor-widget-wrap elementor-element-populated\">\n\t\t\t\t\t\t<div class=\"elementor-element elementor-element-b6cb5be elementor-widget elementor-widget-heading\" data-id=\"b6cb5be\" data-element_type=\"widget\" data-widget_type=\"heading.default\">\n\t\t\t\t<div class=\"elementor-widget-container\">\n\t\t\t\t\t<h2 class=\"elementor-heading-title elementor-size-default\">Alkali Kimyasallar<\/h2>\t\t\t\t<\/div>\n\t\t\t\t<\/div>\n\t\t\t\t<div class=\"elementor-element elementor-element-fe7362c elementor-widget elementor-widget-spacer\" data-id=\"fe7362c\" data-element_type=\"widget\" data-widget_type=\"spacer.default\">\n\t\t\t\t<div class=\"elementor-widget-container\">\n\t\t\t\t\t\t\t<div class=\"elementor-spacer\">\n\t\t\t<div class=\"elementor-spacer-inner\"><\/div>\n\t\t<\/div>\n\t\t\t\t\t\t<\/div>\n\t\t\t\t<\/div>\n\t\t\t\t\t<\/div>\n\t\t<\/div>\n\t\t\t\t\t<\/div>\n\t\t<\/section>\n\t\t\t\t<section class=\"elementor-section elementor-top-section elementor-element elementor-element-0bee2bd elementor-section-boxed elementor-section-height-default elementor-section-height-default\" data-id=\"0bee2bd\" data-element_type=\"section\">\n\t\t\t\t\t\t<div class=\"elementor-container elementor-column-gap-default\">\n\t\t\t\t\t<div class=\"elementor-column elementor-col-33 elementor-top-column elementor-element elementor-element-c1ad37a\" data-id=\"c1ad37a\" data-element_type=\"column\">\n\t\t\t<div class=\"elementor-widget-wrap elementor-element-populated\">\n\t\t\t\t\t\t<div class=\"elementor-element elementor-element-80de11a elementor-invisible elementor-widget elementor-widget-heading\" data-id=\"80de11a\" data-element_type=\"widget\" data-settings=\"{&quot;_animation&quot;:&quot;fadeInDown&quot;}\" data-widget_type=\"heading.default\">\n\t\t\t\t<div class=\"elementor-widget-container\">\n\t\t\t\t\t<h2 class=\"elementor-heading-title elementor-size-default\">POWERSOL B010<\/h2>\t\t\t\t<\/div>\n\t\t\t\t<\/div>\n\t\t\t\t<div class=\"elementor-element elementor-element-fb87277 elementor-invisible elementor-widget elementor-widget-image\" data-id=\"fb87277\" data-element_type=\"widget\" data-settings=\"{&quot;_animation&quot;:&quot;fadeInDown&quot;}\" data-widget_type=\"image.default\">\n\t\t\t\t<div class=\"elementor-widget-container\">\n\t\t\t\t\t\t\t\t\t\t\t\t\t\t\t<img fetchpriority=\"high\" decoding=\"async\" width=\"466\" height=\"209\" src=\"http:\/\/erceteknik.net\/wp-content\/uploads\/2020\/10\/POWERSOL_B010_erce_teknik.gif\" class=\"elementor-animation-grow attachment-medium_large size-medium_large wp-image-1635\" alt=\"\" \/>\t\t\t\t\t\t\t\t\t\t\t\t\t\t\t<\/div>\n\t\t\t\t<\/div>\n\t\t\t\t<div class=\"elementor-element elementor-element-7aaeb80 elementor-invisible elementor-widget elementor-widget-heading\" data-id=\"7aaeb80\" data-element_type=\"widget\" data-settings=\"{&quot;_animation&quot;:&quot;fadeInDown&quot;}\" data-widget_type=\"heading.default\">\n\t\t\t\t<div class=\"elementor-widget-container\">\n\t\t\t\t\t<h3 class=\"elementor-heading-title elementor-size-default\">SU BAZLI END\u00dcST\u0130R\u0130YEL YA\u011e \u00c7\u00d6Z\u00dcC\u00dc<\/h3>\t\t\t\t<\/div>\n\t\t\t\t<\/div>\n\t\t\t\t<div class=\"elementor-element elementor-element-22f6a54 elementor-invisible elementor-widget elementor-widget-text-editor\" data-id=\"22f6a54\" data-element_type=\"widget\" data-settings=\"{&quot;_animation&quot;:&quot;fadeInDown&quot;}\" data-widget_type=\"text-editor.default\">\n\t\t\t\t<div class=\"elementor-widget-container\">\n\t\t\t\t\t\t\t\t\t<p><span style=\"color: #2f2f2f; font-family: 'Open Sans', sans-serif; font-size: 13px;\">\u00dcr\u00fcn g\u00fc\u00e7l\u00fc bir ya\u011f \u00e7\u00f6z\u00fcc\u00fcd\u00fcr. A\u011f\u0131r ya\u011f ve kirleri metal, beton, plastik, vinil gibi y\u00fczeylerden g\u00fcvenle temizler.<\/span><br style=\"color: #2f2f2f; font-family: 'Open Sans', sans-serif; font-size: 13px;\" \/><span style=\"color: #2f2f2f; font-family: 'Open Sans', sans-serif; font-size: 13px;\">Not : Cam ve eloksall\u0131 al\u00fcminyum y\u00fczeylerde kullan\u0131lmaz.<\/span><\/p>\t\t\t\t\t\t\t\t<\/div>\n\t\t\t\t<\/div>\n\t\t\t\t\t<\/div>\n\t\t<\/div>\n\t\t\t\t<div class=\"elementor-column elementor-col-33 elementor-top-column elementor-element elementor-element-b861418\" data-id=\"b861418\" data-element_type=\"column\">\n\t\t\t<div class=\"elementor-widget-wrap elementor-element-populated\">\n\t\t\t\t\t\t<div class=\"elementor-element elementor-element-86696dc elementor-invisible elementor-widget elementor-widget-heading\" data-id=\"86696dc\" data-element_type=\"widget\" data-settings=\"{&quot;_animation&quot;:&quot;fadeInDown&quot;}\" data-widget_type=\"heading.default\">\n\t\t\t\t<div class=\"elementor-widget-container\">\n\t\t\t\t\t<h2 class=\"elementor-heading-title elementor-size-default\">MAGICSOL B020<\/h2>\t\t\t\t<\/div>\n\t\t\t\t<\/div>\n\t\t\t\t<div class=\"elementor-element elementor-element-fd4ca78 elementor-invisible elementor-widget elementor-widget-image\" data-id=\"fd4ca78\" data-element_type=\"widget\" data-settings=\"{&quot;_animation&quot;:&quot;fadeInDown&quot;}\" data-widget_type=\"image.default\">\n\t\t\t\t<div class=\"elementor-widget-container\">\n\t\t\t\t\t\t\t\t\t\t\t\t\t\t\t<img decoding=\"async\" width=\"465\" height=\"209\" src=\"http:\/\/erceteknik.net\/wp-content\/uploads\/2020\/10\/MAGICSOL_B020_erce_teknik.gif\" class=\"attachment-medium_large size-medium_large wp-image-1624\" alt=\"\" \/>\t\t\t\t\t\t\t\t\t\t\t\t\t\t\t<\/div>\n\t\t\t\t<\/div>\n\t\t\t\t<div class=\"elementor-element elementor-element-634e323 elementor-invisible elementor-widget elementor-widget-heading\" data-id=\"634e323\" data-element_type=\"widget\" data-settings=\"{&quot;_animation&quot;:&quot;fadeInDown&quot;}\" data-widget_type=\"heading.default\">\n\t\t\t\t<div class=\"elementor-widget-container\">\n\t\t\t\t\t<h3 class=\"elementor-heading-title elementor-size-default\">KONSANTRE G\u00dc\u00c7L\u00dc YA\u011e S\u00d6K\u00dcC\u00dc<\/h3>\t\t\t\t<\/div>\n\t\t\t\t<\/div>\n\t\t\t\t<div class=\"elementor-element elementor-element-88f6e62 elementor-invisible elementor-widget elementor-widget-text-editor\" data-id=\"88f6e62\" data-element_type=\"widget\" data-settings=\"{&quot;_animation&quot;:&quot;fadeInDown&quot;}\" data-widget_type=\"text-editor.default\">\n\t\t\t\t<div class=\"elementor-widget-container\">\n\t\t\t\t\t\t\t\t\t<p><span style=\"color: #2f2f2f; font-family: 'Open Sans', sans-serif; font-size: 13px; text-align: start;\">\u00dcr\u00fcn benzin, tiner ve mazota k\u0131yasla temizlikte daha g\u00fcvenlidir.<\/span><br style=\"color: #2f2f2f; font-family: 'Open Sans', sans-serif; font-size: 13px; text-align: start;\" \/><span style=\"color: #2f2f2f; font-family: 'Open Sans', sans-serif; font-size: 13px; text-align: start;\">Yan\u0131c\u0131 de\u011fildir. Boya \u00f6ncesi metal y\u00fczey temizli\u011fi mutfak, davlumbaz, f\u0131r\u0131n temizli\u011finde kau\u00e7uk, plastik, seramik, beton, ta\u015f, kiremit, dkp sa\u00e7, al\u00fcminyum, emaye, mermer vs. gibi bir \u00e7ok y\u00fczeyde kullan\u0131l\u0131r.\u00a0<\/span><\/p>\t\t\t\t\t\t\t\t<\/div>\n\t\t\t\t<\/div>\n\t\t\t\t\t<\/div>\n\t\t<\/div>\n\t\t\t\t<div class=\"elementor-column elementor-col-33 elementor-top-column elementor-element elementor-element-c3da99d\" data-id=\"c3da99d\" data-element_type=\"column\">\n\t\t\t<div class=\"elementor-widget-wrap elementor-element-populated\">\n\t\t\t\t\t\t<div class=\"elementor-element elementor-element-e2d2165 elementor-invisible elementor-widget elementor-widget-heading\" data-id=\"e2d2165\" data-element_type=\"widget\" data-settings=\"{&quot;_animation&quot;:&quot;fadeInDown&quot;}\" data-widget_type=\"heading.default\">\n\t\t\t\t<div class=\"elementor-widget-container\">\n\t\t\t\t\t<h2 class=\"elementor-heading-title elementor-size-default\">REACTION B030<\/h2>\t\t\t\t<\/div>\n\t\t\t\t<\/div>\n\t\t\t\t<div class=\"elementor-element elementor-element-5c9918f elementor-invisible elementor-widget elementor-widget-image\" data-id=\"5c9918f\" data-element_type=\"widget\" data-settings=\"{&quot;_animation&quot;:&quot;fadeInDown&quot;}\" data-widget_type=\"image.default\">\n\t\t\t\t<div class=\"elementor-widget-container\">\n\t\t\t\t\t\t\t\t\t\t\t\t\t\t\t<img decoding=\"async\" width=\"465\" height=\"209\" src=\"http:\/\/erceteknik.net\/wp-content\/uploads\/2020\/10\/REACTION_B030_erce_teknik.gif\" class=\"attachment-medium_large size-medium_large wp-image-1639\" alt=\"\" \/>\t\t\t\t\t\t\t\t\t\t\t\t\t\t\t<\/div>\n\t\t\t\t<\/div>\n\t\t\t\t<div class=\"elementor-element elementor-element-311c5b1 elementor-invisible elementor-widget elementor-widget-heading\" data-id=\"311c5b1\" data-element_type=\"widget\" data-settings=\"{&quot;_animation&quot;:&quot;fadeInDown&quot;}\" data-widget_type=\"heading.default\">\n\t\t\t\t<div class=\"elementor-widget-container\">\n\t\t\t\t\t<h3 class=\"elementor-heading-title elementor-size-default\">AL\u00dcM\u0130NYUM VE KL\u0130MA PETEK TEM\u0130ZLEY\u0130C\u0130<\/h3>\t\t\t\t<\/div>\n\t\t\t\t<\/div>\n\t\t\t\t<div class=\"elementor-element elementor-element-823139d elementor-invisible elementor-widget elementor-widget-text-editor\" data-id=\"823139d\" data-element_type=\"widget\" data-settings=\"{&quot;_animation&quot;:&quot;fadeInDown&quot;}\" data-widget_type=\"text-editor.default\">\n\t\t\t\t<div class=\"elementor-widget-container\">\n\t\t\t\t\t\t\t\t\t<p><span style=\"color: #2c3e50; font-family: 'Open Sans', sans-serif; text-align: left;\">\u00dcr\u00fcn asit i\u00e7ermeyen \u00f6zel form\u00fclasyonu ile al\u00fcminyum y\u00fczeylerdeki kiri, ya\u011f\u0131 ve oksidi zarar vermeksizin temizler.<\/span><br style=\"color: #2c3e50; font-family: 'Open Sans', sans-serif; text-align: left;\" \/><br style=\"color: #2c3e50; font-family: 'Open Sans', sans-serif; text-align: left;\" \/><span style=\"color: #2c3e50; font-family: 'Open Sans', sans-serif; text-align: left;\">Not : \u00dcr\u00fcn renkli, eloksall\u0131 al\u00fcminyum y\u00fczeylerde kullan\u0131lmaz.\u00a0Bu tip y\u00fczeyler i\u00e7in ERCE teknik servisi size uygun \u00fcr\u00fcn\u00fc\u00a0\u00f6nerecektir.<\/span><\/p>\t\t\t\t\t\t\t\t<\/div>\n\t\t\t\t<\/div>\n\t\t\t\t\t<\/div>\n\t\t<\/div>\n\t\t\t\t\t<\/div>\n\t\t<\/section>\n\t\t\t\t<section class=\"elementor-section elementor-top-section elementor-element elementor-element-8a22eb7 elementor-section-boxed elementor-section-height-default elementor-section-height-default\" data-id=\"8a22eb7\" data-element_type=\"section\">\n\t\t\t\t\t\t<div class=\"elementor-container elementor-column-gap-default\">\n\t\t\t\t\t<div class=\"elementor-column elementor-col-33 elementor-top-column elementor-element elementor-element-ac04b73\" data-id=\"ac04b73\" data-element_type=\"column\">\n\t\t\t<div class=\"elementor-widget-wrap elementor-element-populated\">\n\t\t\t\t\t\t<div class=\"elementor-element elementor-element-ef90959 elementor-invisible elementor-widget elementor-widget-heading\" data-id=\"ef90959\" data-element_type=\"widget\" data-settings=\"{&quot;_animation&quot;:&quot;fadeInDown&quot;}\" data-widget_type=\"heading.default\">\n\t\t\t\t<div class=\"elementor-widget-container\">\n\t\t\t\t\t<h2 class=\"elementor-heading-title elementor-size-default\">POLAR B040<\/h2>\t\t\t\t<\/div>\n\t\t\t\t<\/div>\n\t\t\t\t<div class=\"elementor-element elementor-element-f2b3e56 elementor-invisible elementor-widget elementor-widget-image\" data-id=\"f2b3e56\" data-element_type=\"widget\" data-settings=\"{&quot;_animation&quot;:&quot;fadeInDown&quot;}\" data-widget_type=\"image.default\">\n\t\t\t\t<div class=\"elementor-widget-container\">\n\t\t\t\t\t\t\t\t\t\t\t\t\t\t\t<img loading=\"lazy\" decoding=\"async\" width=\"462\" height=\"208\" src=\"http:\/\/erceteknik.net\/wp-content\/uploads\/2020\/10\/POLAR_B040_erce_teknik.gif\" class=\"attachment-medium_large size-medium_large wp-image-1634\" alt=\"\" \/>\t\t\t\t\t\t\t\t\t\t\t\t\t\t\t<\/div>\n\t\t\t\t<\/div>\n\t\t\t\t<div class=\"elementor-element elementor-element-8d78692 elementor-invisible elementor-widget elementor-widget-heading\" data-id=\"8d78692\" data-element_type=\"widget\" data-settings=\"{&quot;_animation&quot;:&quot;fadeInDown&quot;}\" data-widget_type=\"heading.default\">\n\t\t\t\t<div class=\"elementor-widget-container\">\n\t\t\t\t\t<h3 class=\"elementor-heading-title elementor-size-default\">YA\u011e-\u0130S-KARBON TEM\u0130ZLEY\u0130C\u0130<\/h3>\t\t\t\t<\/div>\n\t\t\t\t<\/div>\n\t\t\t\t<div class=\"elementor-element elementor-element-017e6ef elementor-invisible elementor-widget elementor-widget-text-editor\" data-id=\"017e6ef\" data-element_type=\"widget\" data-settings=\"{&quot;_animation&quot;:&quot;fadeInDown&quot;}\" data-widget_type=\"text-editor.default\">\n\t\t\t\t<div class=\"elementor-widget-container\">\n\t\t\t\t\t\t\t\t\t<p><span style=\"color: #2f2f2f; font-family: 'Open Sans', sans-serif; font-size: 13px; text-align: start;\">\u00dcr\u00fcn f\u0131r\u0131n, f\u0131r\u0131n tavalar\u0131, yanm\u0131\u015f ya\u011flar, kurum kal\u0131nt\u0131lar\u0131, baca temizli\u011finde kullan\u0131lan g\u0131daya uygun \u00f6zel bir temizleyicidir. Not : Al\u00fcminyum, \u00e7inko, kalay, anodize al\u00fcminyum, galvaniz y\u00fczeylerde kullan\u0131lmaz.<\/span><\/p>\t\t\t\t\t\t\t\t<\/div>\n\t\t\t\t<\/div>\n\t\t\t\t\t<\/div>\n\t\t<\/div>\n\t\t\t\t<div class=\"elementor-column elementor-col-33 elementor-top-column elementor-element elementor-element-5a14b1a\" data-id=\"5a14b1a\" data-element_type=\"column\">\n\t\t\t<div class=\"elementor-widget-wrap elementor-element-populated\">\n\t\t\t\t\t\t<div class=\"elementor-element elementor-element-eb79356 elementor-invisible elementor-widget elementor-widget-heading\" data-id=\"eb79356\" data-element_type=\"widget\" data-settings=\"{&quot;_animation&quot;:&quot;fadeInDown&quot;}\" data-widget_type=\"heading.default\">\n\t\t\t\t<div class=\"elementor-widget-container\">\n\t\t\t\t\t<h2 class=\"elementor-heading-title elementor-size-default\">ULTRASOL B065<\/h2>\t\t\t\t<\/div>\n\t\t\t\t<\/div>\n\t\t\t\t<div class=\"elementor-element elementor-element-313f9d0 elementor-invisible elementor-widget elementor-widget-image\" data-id=\"313f9d0\" data-element_type=\"widget\" data-settings=\"{&quot;_animation&quot;:&quot;fadeInDown&quot;}\" data-widget_type=\"image.default\">\n\t\t\t\t<div class=\"elementor-widget-container\">\n\t\t\t\t\t\t\t\t\t\t\t\t\t\t\t<img loading=\"lazy\" decoding=\"async\" width=\"524\" height=\"261\" src=\"http:\/\/erceteknik.net\/wp-content\/uploads\/2020\/10\/ULTRASOL_B065_erce_teknik.jpg\" class=\"attachment-medium_large size-medium_large wp-image-1690\" alt=\"\" srcset=\"http:\/\/erceteknik.net\/wp-content\/uploads\/2020\/10\/ULTRASOL_B065_erce_teknik.jpg 524w, http:\/\/erceteknik.net\/wp-content\/uploads\/2020\/10\/ULTRASOL_B065_erce_teknik-300x150.jpg 300w\" sizes=\"(max-width: 524px) 100vw, 524px\" \/>\t\t\t\t\t\t\t\t\t\t\t\t\t\t\t<\/div>\n\t\t\t\t<\/div>\n\t\t\t\t<div class=\"elementor-element elementor-element-3153a3d elementor-invisible elementor-widget elementor-widget-heading\" data-id=\"3153a3d\" data-element_type=\"widget\" data-settings=\"{&quot;_animation&quot;:&quot;fadeInDown&quot;}\" data-widget_type=\"heading.default\">\n\t\t\t\t<div class=\"elementor-widget-container\">\n\t\t\t\t\t<h3 class=\"elementor-heading-title elementor-size-default\">ULTRASON\u0130K PVC TOZ TEM\u0130ZLEY\u0130C\u0130<\/h3>\t\t\t\t<\/div>\n\t\t\t\t<\/div>\n\t\t\t\t<div class=\"elementor-element elementor-element-3f5f567 elementor-invisible elementor-widget elementor-widget-text-editor\" data-id=\"3f5f567\" data-element_type=\"widget\" data-settings=\"{&quot;_animation&quot;:&quot;fadeInDown&quot;}\" data-widget_type=\"text-editor.default\">\n\t\t\t\t<div class=\"elementor-widget-container\">\n\t\t\t\t\t\t\t\t\t<p><span style=\"color: #2c3e50; font-family: 'Open Sans', sans-serif; text-align: left;\">\u00dcr\u00fcn PVC kal\u0131p temizliklerinde, parca y\u0131kama makinelerinde ya\u011f ve pasak temizliklerinde kullan\u0131l\u0131r.<\/span><br style=\"color: #2c3e50; font-family: 'Open Sans', sans-serif; text-align: left;\" \/><br style=\"color: #2c3e50; font-family: 'Open Sans', sans-serif; text-align: left;\" \/><span style=\"color: #2c3e50; font-family: 'Open Sans', sans-serif; text-align: left;\">Not : Cildin do\u011fal ya\u011f\u0131n\u0131 alarak kurumaya sebep olaca\u011f\u0131ndan<\/span><br style=\"color: #2c3e50; font-family: 'Open Sans', sans-serif; text-align: left;\" \/><span style=\"color: #2c3e50; font-family: 'Open Sans', sans-serif; text-align: left;\">koruyucu eldiven ile kullan\u0131lmas\u0131 tavsiye edilir.<\/span><\/p>\t\t\t\t\t\t\t\t<\/div>\n\t\t\t\t<\/div>\n\t\t\t\t\t<\/div>\n\t\t<\/div>\n\t\t\t\t<div class=\"elementor-column elementor-col-33 elementor-top-column elementor-element elementor-element-00db3e1\" data-id=\"00db3e1\" data-element_type=\"column\">\n\t\t\t<div class=\"elementor-widget-wrap elementor-element-populated\">\n\t\t\t\t\t\t<div class=\"elementor-element elementor-element-21415c3 elementor-invisible elementor-widget elementor-widget-heading\" data-id=\"21415c3\" data-element_type=\"widget\" data-settings=\"{&quot;_animation&quot;:&quot;fadeInDown&quot;}\" data-widget_type=\"heading.default\">\n\t\t\t\t<div class=\"elementor-widget-container\">\n\t\t\t\t\t<h2 class=\"elementor-heading-title elementor-size-default\">MEGASOL B050<\/h2>\t\t\t\t<\/div>\n\t\t\t\t<\/div>\n\t\t\t\t<div class=\"elementor-element elementor-element-a978471 elementor-invisible elementor-widget elementor-widget-image\" data-id=\"a978471\" data-element_type=\"widget\" data-settings=\"{&quot;_animation&quot;:&quot;fadeInDown&quot;}\" data-widget_type=\"image.default\">\n\t\t\t\t<div class=\"elementor-widget-container\">\n\t\t\t\t\t\t\t\t\t\t\t\t\t\t\t<img loading=\"lazy\" decoding=\"async\" width=\"524\" height=\"261\" src=\"http:\/\/erceteknik.net\/wp-content\/uploads\/2020\/10\/MEGASOL_B050_erce_teknik-1.jpg\" class=\"attachment-medium_large size-medium_large wp-image-1692\" alt=\"\" srcset=\"http:\/\/erceteknik.net\/wp-content\/uploads\/2020\/10\/MEGASOL_B050_erce_teknik-1.jpg 524w, http:\/\/erceteknik.net\/wp-content\/uploads\/2020\/10\/MEGASOL_B050_erce_teknik-1-300x150.jpg 300w\" sizes=\"(max-width: 524px) 100vw, 524px\" \/>\t\t\t\t\t\t\t\t\t\t\t\t\t\t\t<\/div>\n\t\t\t\t<\/div>\n\t\t\t\t<div class=\"elementor-element elementor-element-17ed8f3 elementor-invisible elementor-widget elementor-widget-heading\" data-id=\"17ed8f3\" data-element_type=\"widget\" data-settings=\"{&quot;_animation&quot;:&quot;fadeInDown&quot;}\" data-widget_type=\"heading.default\">\n\t\t\t\t<div class=\"elementor-widget-container\">\n\t\t\t\t\t<h3 class=\"elementor-heading-title elementor-size-default\">POLYESTER KUMA\u015e YA\u011e&amp;LEKE S\u00d6K\u00dcC\u00dc<\/h3>\t\t\t\t<\/div>\n\t\t\t\t<\/div>\n\t\t\t\t<div class=\"elementor-element elementor-element-3eaddb0 elementor-invisible elementor-widget elementor-widget-text-editor\" data-id=\"3eaddb0\" data-element_type=\"widget\" data-settings=\"{&quot;_animation&quot;:&quot;fadeInDown&quot;}\" data-widget_type=\"text-editor.default\">\n\t\t\t\t<div class=\"elementor-widget-container\">\n\t\t\t\t\t\t\t\t\t<p><span style=\"color: #2c3e50; font-family: 'Open Sans', sans-serif; text-align: left;\">\u00dcr\u00fcn g\u00fc\u00e7l\u00fc bir leke \u00e7\u00f6z\u00fcc\u00fcd\u00fcr. Tekstil sekt\u00f6r\u00fcnde kuma\u015f \u00fczerinden her t\u00fcrl\u00fc ya\u011f lekesini temizlemek amac\u0131yla kullan\u0131l\u0131r.<\/span><br style=\"color: #2c3e50; font-family: 'Open Sans', sans-serif; text-align: left;\" \/><br style=\"color: #2c3e50; font-family: 'Open Sans', sans-serif; text-align: left;\" \/><span style=\"color: #2c3e50; font-family: 'Open Sans', sans-serif; text-align: left;\">Not : Cildin do\u011fal ya\u011f\u0131n\u0131 alarak kurumaya sebep olaca\u011f\u0131ndan koruyucu eldiven ile kullan\u0131lmas\u0131 tavsiye edilir.<\/span><\/p>\t\t\t\t\t\t\t\t<\/div>\n\t\t\t\t<\/div>\n\t\t\t\t\t<\/div>\n\t\t<\/div>\n\t\t\t\t\t<\/div>\n\t\t<\/section>\n\t\t\t\t<section class=\"elementor-section elementor-top-section elementor-element elementor-element-803806b elementor-section-boxed elementor-section-height-default elementor-section-height-default\" data-id=\"803806b\" data-element_type=\"section\">\n\t\t\t\t\t\t<div class=\"elementor-container elementor-column-gap-default\">\n\t\t\t\t\t<div class=\"elementor-column elementor-col-100 elementor-top-column elementor-element elementor-element-f0889fe\" data-id=\"f0889fe\" data-element_type=\"column\">\n\t\t\t<div class=\"elementor-widget-wrap elementor-element-populated\">\n\t\t\t\t\t\t<div class=\"elementor-element elementor-element-c202d36 elementor-widget elementor-widget-spacer\" data-id=\"c202d36\" data-element_type=\"widget\" data-widget_type=\"spacer.default\">\n\t\t\t\t<div class=\"elementor-widget-container\">\n\t\t\t\t\t\t\t<div class=\"elementor-spacer\">\n\t\t\t<div class=\"elementor-spacer-inner\"><\/div>\n\t\t<\/div>\n\t\t\t\t\t\t<\/div>\n\t\t\t\t<\/div>\n\t\t\t\t\t<\/div>\n\t\t<\/div>\n\t\t\t\t\t<\/div>\n\t\t<\/section>\n\t\t\t\t<\/div>\n\t\t","protected":false},"excerpt":{"rendered":"<p>Alkali Kimyasallar POWERSOL B010 SU BAZLI END\u00dcST\u0130R\u0130YEL YA\u011e \u00c7\u00d6Z\u00dcC\u00dc \u00dcr\u00fcn g\u00fc\u00e7l\u00fc bir ya\u011f \u00e7\u00f6z\u00fcc\u00fcd\u00fcr. A\u011f\u0131r ya\u011f ve kirleri metal, beton, plastik, vinil gibi y\u00fczeylerden g\u00fcvenle temizler.Not : Cam ve eloksall\u0131 &#8230;<\/p>\n","protected":false},"author":1,"featured_media":0,"parent":23,"menu_order":0,"comment_status":"closed","ping_status":"closed","template":"elementor_header_footer","meta":{"footnotes":""},"class_list":["post-1657","page","type-page","status-publish","hentry"],"_links":{"self":[{"href":"http:\/\/erceteknik.net\/index.php?rest_route=\/wp\/v2\/pages\/1657","targetHints":{"allow":["GET"]}}],"collection":[{"href":"http:\/\/erceteknik.net\/index.php?rest_route=\/wp\/v2\/pages"}],"about":[{"href":"http:\/\/erceteknik.net\/index.php?rest_route=\/wp\/v2\/types\/page"}],"author":[{"embeddable":true,"href":"http:\/\/erceteknik.net\/index.php?rest_route=\/wp\/v2\/users\/1"}],"replies":[{"embeddable":true,"href":"http:\/\/erceteknik.net\/index.php?rest_route=%2Fwp%2Fv2%2Fcomments&post=1657"}],"version-history":[{"count":35,"href":"http:\/\/erceteknik.net\/index.php?rest_route=\/wp\/v2\/pages\/1657\/revisions"}],"predecessor-version":[{"id":2034,"href":"http:\/\/erceteknik.net\/index.php?rest_route=\/wp\/v2\/pages\/1657\/revisions\/2034"}],"up":[{"embeddable":true,"href":"http:\/\/erceteknik.net\/index.php?rest_route=\/wp\/v2\/pages\/23"}],"wp:attachment":[{"href":"http:\/\/erceteknik.net\/index.php?rest_route=%2Fwp%2Fv2%2Fmedia&parent=1657"}],"curies":[{"name":"wp","href":"https:\/\/api.w.org\/{rel}","templated":true}]}}